{"id":43,"date":"2009-12-11T13:44:47","date_gmt":"2009-12-11T18:44:47","guid":{"rendered":"http:\/\/www.basut.org\/?page_id=43"},"modified":"2009-12-11T13:44:47","modified_gmt":"2009-12-11T18:44:47","slug":"neredeyim","status":"publish","type":"page","link":"http:\/\/www.basut.org\/?page_id=43","title":{"rendered":"Neredeyim"},"content":{"rendered":"<p style=\"text-align: center;\">E\u011fer GPS a\u00e7\u0131ksa tabii&#8230;<\/p>\n<p><iframe loading=\"lazy\" scrolling=\"no\" style=\"border:0;padding:0;margin:10px;\" src=\"http:\/\/www.gmap-track.com\/user.php?user=basut&#038;output=embed&#038;zoom=12&#038;mt=m&#038;w=400&#038;h=400\" width=\"400\" height=\"400\"><\/iframe><\/p>\n<p style=\"TEXT-ALIGN: center\"><a href=\"http:\/\/www.basut.org\/neredeyim\/\">Geni\u015f sayfada g\u00f6rmek i\u00e7in&#8230;<\/a><\/p>\n","protected":false},"excerpt":{"rendered":"<p>E\u011fer GPS a\u00e7\u0131ksa tabii&#8230; Geni\u015f sayfada g\u00f6rmek i\u00e7in&#8230;<\/p>\n","protected":false},"author":1,"featured_media":0,"parent":0,"menu_order":0,"comment_status":"closed","ping_status":"open","template":"","meta":{"footnotes":""},"_links":{"self":[{"href":"http:\/\/www.basut.org\/index.php?rest_route=\/wp\/v2\/pages\/43"}],"collection":[{"href":"http:\/\/www.basut.org\/index.php?rest_route=\/wp\/v2\/pages"}],"about":[{"href":"http:\/\/www.basut.org\/index.php?rest_route=\/wp\/v2\/types\/page"}],"author":[{"embeddable":true,"href":"http:\/\/www.basut.org\/index.php?rest_route=\/wp\/v2\/users\/1"}],"replies":[{"embeddable":true,"href":"http:\/\/www.basut.org\/index.php?rest_route=%2Fwp%2Fv2%2Fcomments&post=43"}],"version-history":[{"count":0,"href":"http:\/\/www.basut.org\/index.php?rest_route=\/wp\/v2\/pages\/43\/revisions"}],"wp:attachment":[{"href":"http:\/\/www.basut.org\/index.php?rest_route=%2Fwp%2Fv2%2Fmedia&parent=43"}],"curies":[{"name":"wp","href":"https:\/\/api.w.org\/{rel}","templated":true}]}}